{"id":2192,"date":"2025-01-17T15:36:12","date_gmt":"2025-01-17T18:36:12","guid":{"rendered":"https:\/\/320mp3.top\/?page_id=2192"},"modified":"2025-01-17T15:36:19","modified_gmt":"2025-01-17T18:36:19","slug":"condiciones-de-uso","status":"publish","type":"page","link":"https:\/\/320mp3.top\/?page_id=2192","title":{"rendered":"Condiciones de Uso"},"content":{"rendered":"<h2>1. T\u00e9rminos<\/h2>\n<p>leyes y reglamentaciones relacionadas, y concuerda en que es responsable por el cumplimiento de la legislaci\u00f3n local aplicable. Si no est\u00e1 de acuerdo con alguno de estos t\u00e9rminos, no le es permitido usar o acceder a este sitio.<\/p>\n<p>Los materiales contenidos en este sitio web est\u00e1n protegidos por las leyes de derechos de autor y de las marcas comercialmente aplicables.<\/p>\n<h3>2. Uso de la Licencia<\/h3>\n<ol>\n<li>Se le concede permiso para bajar temporalmente una copia de los materiales (informaci\u00f3n o software) en el sitio 320mp3.top, solo para la visualizaci\u00f3n personal transitoria y no comercial. Esta es la concesi\u00f3n de una licencia, no una transferencia de t\u00edtulo y, bajo esta licencia, no le est\u00e1 permitido:<\/li>\n<li class=\"ql-indent-1\">Modificar ni copiar los materiales;<\/li>\n<li class=\"ql-indent-1\">Usar los materiales con fines comerciales ni para exhibici\u00f3n p\u00fablica (comercial o no comercial);<\/li>\n<li class=\"ql-indent-1\">Intentar descompilar o aplicar ingenier\u00eda inversa a cualquier software contenido en el sitio 320mp3.top;<\/li>\n<li class=\"ql-indent-1\">Eliminar los derechos de autor u otras anotaciones de propiedad de los materiales;<\/li>\n<li class=\"ql-indent-1\">Transferir los materiales a otra persona o \u201cduplicarlos\u201d en alg\u00fan otro servidor.<\/li>\n<li>Esta licencia finalizar\u00e1 autom\u00e1ticamente si usted incurre en alguna de las restricciones anteriores y podr\u00e1 ser terminada por 320mp3.top en cualquier momento. Al cerrar la visualizaci\u00f3n de esos materiales o al concluir el t\u00e9rmino de esta licencia, debe eliminar todos los materiales bajados en su posesi\u00f3n, tanto en formato electr\u00f3nico como impreso.<\/li>\n<\/ol>\n<h3>3. Exenci\u00f3n de Responsabilidad<\/h3>\n<ol>\n<li>Los materiales en el sitio de 320mp3.top son provistos \u201ccomo est\u00e1n\u201d. 320mp3.top no ofrece garant\u00edas, expresas o impl\u00edcitas, y, por este medio, excluye y niega cualquier garant\u00eda, incluyendo, sin limitaci\u00f3n, garant\u00edas impl\u00edcitas o condiciones de comercializaci\u00f3n, adecuaci\u00f3n a un fin espec\u00edfico o no violaci\u00f3n de la propiedad intelectual u otra violaci\u00f3n de derechos.<\/li>\n<li>Asimismo, 320mp3.top no garantiza ni hace ninguna representaci\u00f3n relacionada con la precisi\u00f3n, los resultados probables o la confiabilidad del uso de los materiales en su sitio o de otra forma con respecto a esos materiales o en sitios vinculados a este sitio web.<\/li>\n<\/ol>\n<h3>4. Limitaciones<\/h3>\n<p>En ning\u00fan caso 320mp3.top o sus proveedores ser\u00e1n responsables por cualquier tipo de da\u00f1o (incluyendo, sin limitaci\u00f3n, da\u00f1os por p\u00e9rdida de datos o de ganancias debido a la interrupci\u00f3n de los negocios) derivados del uso o de la incapacidad de usar los materiales en 320mp3.top, aunque 320mp3.top o un representante autorizado de 320mp3.top haya sido notificado oralmente o por escrito sobre la posibilidad de dichos da\u00f1os. Como algunas jurisdicciones no permiten limitaciones en garant\u00edas impl\u00edcitas ni limitaciones de responsabilidad por da\u00f1os consecuentes o incidentales, dichas limitaciones pueden no ser aplicables.<\/p>\n<h3>5. Precisi\u00f3n de los materiales<\/h3>\n<p>Los materiales exhibidos en el sitio de 320mp3.top pueden incluir errores t\u00e9cnicos, tipogr\u00e1ficos o fotogr\u00e1ficos. 320mp3.top no garantiza que alg\u00fan material en su sitio sea preciso, completo o actual.\u00a0320mp3.top puede hacer alteraciones en los materiales contenidos en su sitio en cualquier momento, sin previo aviso. Sin embargo, 320mp3.top no se compromete a actualizar los materiales.<\/p>\n<h3>6. Links<\/h3>\n<p>320mp3.top no analiza todos los sitios vinculados a su sitio web y no es responsable por el contenido de ning\u00fan sitio vinculado.\u00a0La inclusi\u00f3n de un link no implica la aprobaci\u00f3n del sitio por parte de 320mp3.top.\u00a0El uso de cualquier sitio vinculado, es por cuenta y riesgo del usuario.<\/p>\n<h3>7. Modificaciones<\/h3>\n<p>320mp3.top puede revisar estos t\u00e9rminos de servicio del sitio en cualquier momento, sin previo aviso. Al utilizar este sitio, usted acepta la vinculaci\u00f3n a la versi\u00f3n actual de estos t\u00e9rminos de servicio.<\/p>\n<h3>8. Ley Aplicable<\/h3>\n<p>Estos t\u00e9rminos y condiciones son regidos e interpretados de acuerdo con las leyes de 320mp3.top y usted se sujeta irrevocablemente a la jurisdicci\u00f3n exclusiva de los tribunales en el Estado o localidad.<\/p>\n","protected":false},"excerpt":{"rendered":"<p>1. T\u00e9rminos leyes y reglamentaciones relacionadas, y concuerda en que es responsable por el cumplimiento de la legislaci\u00f3n local aplicable. Si no est\u00e1 de acuerdo con alguno de estos t\u00e9rminos,&#8230;<\/p>\n","protected":false},"author":1,"featured_media":0,"parent":0,"menu_order":0,"comment_status":"closed","ping_status":"closed","template":"","meta":{"footnotes":""},"class_list":["post-2192","page","type-page","status-publish","hentry","article","has-background","has-excerpt","has-avatar","has-author","has-date","has-comment-count","has-category-meta","has-read-more","thumbnail-"],"yoast_head":"<!-- This site is optimized with the Yoast SEO plugin v26.5 - https:\/\/yoast.com\/wordpress\/plugins\/seo\/ -->\n<title>Condiciones de Uso - 320mp3.top<\/title>\n<meta name=\"robots\" content=\"index, follow, max-snippet:-1, max-image-preview:large, max-video-preview:-1\" \/>\n<link rel=\"canonical\" href=\"https:\/\/320mp3.top\/?page_id=2192\" \/>\n<meta property=\"og:locale\" content=\"es_ES\" \/>\n<meta property=\"og:type\" content=\"article\" \/>\n<meta property=\"og:title\" content=\"Condiciones de Uso - 320mp3.top\" \/>\n<meta property=\"og:description\" content=\"1. T\u00e9rminos leyes y reglamentaciones relacionadas, y concuerda en que es responsable por el cumplimiento de la legislaci\u00f3n local aplicable. Si no est\u00e1 de acuerdo con alguno de estos t\u00e9rminos,...\" \/>\n<meta property=\"og:url\" content=\"https:\/\/320mp3.top\/?page_id=2192\" \/>\n<meta property=\"og:site_name\" content=\"320mp3.top\" \/>\n<meta property=\"article:modified_time\" content=\"2025-01-17T18:36:19+00:00\" \/>\n<meta name=\"twitter:card\" content=\"summary_large_image\" \/>\n<meta name=\"twitter:label1\" content=\"Tiempo de lectura\" \/>\n\t<meta name=\"twitter:data1\" content=\"3 minutos\" \/>\n<script type=\"application\/ld+json\" class=\"yoast-schema-graph\">{\"@context\":\"https:\/\/schema.org\",\"@graph\":[{\"@type\":\"WebPage\",\"@id\":\"https:\/\/320mp3.top\/?page_id=2192\",\"url\":\"https:\/\/320mp3.top\/?page_id=2192\",\"name\":\"Condiciones de Uso - 320mp3.top\",\"isPartOf\":{\"@id\":\"https:\/\/320mp3.top\/#website\"},\"datePublished\":\"2025-01-17T18:36:12+00:00\",\"dateModified\":\"2025-01-17T18:36:19+00:00\",\"breadcrumb\":{\"@id\":\"https:\/\/320mp3.top\/?page_id=2192#breadcrumb\"},\"inLanguage\":\"es\",\"potentialAction\":[{\"@type\":\"ReadAction\",\"target\":[\"https:\/\/320mp3.top\/?page_id=2192\"]}]},{\"@type\":\"BreadcrumbList\",\"@id\":\"https:\/\/320mp3.top\/?page_id=2192#breadcrumb\",\"itemListElement\":[{\"@type\":\"ListItem\",\"position\":1,\"name\":\"In\u00edcio\",\"item\":\"https:\/\/320mp3.top\/\"},{\"@type\":\"ListItem\",\"position\":2,\"name\":\"Condiciones de Uso\"}]},{\"@type\":\"WebSite\",\"@id\":\"https:\/\/320mp3.top\/#website\",\"url\":\"https:\/\/320mp3.top\/\",\"name\":\"320mp3.top\",\"description\":\"\",\"potentialAction\":[{\"@type\":\"SearchAction\",\"target\":{\"@type\":\"EntryPoint\",\"urlTemplate\":\"https:\/\/320mp3.top\/?s={search_term_string}\"},\"query-input\":{\"@type\":\"PropertyValueSpecification\",\"valueRequired\":true,\"valueName\":\"search_term_string\"}}],\"inLanguage\":\"es\"}]}<\/script>\n<!-- \/ Yoast SEO plugin. -->","yoast_head_json":{"title":"Condiciones de Uso - 320mp3.top","robots":{"index":"index","follow":"follow","max-snippet":"max-snippet:-1","max-image-preview":"max-image-preview:large","max-video-preview":"max-video-preview:-1"},"canonical":"https:\/\/320mp3.top\/?page_id=2192","og_locale":"es_ES","og_type":"article","og_title":"Condiciones de Uso - 320mp3.top","og_description":"1. T\u00e9rminos leyes y reglamentaciones relacionadas, y concuerda en que es responsable por el cumplimiento de la legislaci\u00f3n local aplicable. Si no est\u00e1 de acuerdo con alguno de estos t\u00e9rminos,...","og_url":"https:\/\/320mp3.top\/?page_id=2192","og_site_name":"320mp3.top","article_modified_time":"2025-01-17T18:36:19+00:00","twitter_card":"summary_large_image","twitter_misc":{"Tiempo de lectura":"3 minutos"},"schema":{"@context":"https:\/\/schema.org","@graph":[{"@type":"WebPage","@id":"https:\/\/320mp3.top\/?page_id=2192","url":"https:\/\/320mp3.top\/?page_id=2192","name":"Condiciones de Uso - 320mp3.top","isPartOf":{"@id":"https:\/\/320mp3.top\/#website"},"datePublished":"2025-01-17T18:36:12+00:00","dateModified":"2025-01-17T18:36:19+00:00","breadcrumb":{"@id":"https:\/\/320mp3.top\/?page_id=2192#breadcrumb"},"inLanguage":"es","potentialAction":[{"@type":"ReadAction","target":["https:\/\/320mp3.top\/?page_id=2192"]}]},{"@type":"BreadcrumbList","@id":"https:\/\/320mp3.top\/?page_id=2192#breadcrumb","itemListElement":[{"@type":"ListItem","position":1,"name":"In\u00edcio","item":"https:\/\/320mp3.top\/"},{"@type":"ListItem","position":2,"name":"Condiciones de Uso"}]},{"@type":"WebSite","@id":"https:\/\/320mp3.top\/#website","url":"https:\/\/320mp3.top\/","name":"320mp3.top","description":"","potentialAction":[{"@type":"SearchAction","target":{"@type":"EntryPoint","urlTemplate":"https:\/\/320mp3.top\/?s={search_term_string}"},"query-input":{"@type":"PropertyValueSpecification","valueRequired":true,"valueName":"search_term_string"}}],"inLanguage":"es"}]}},"_links":{"self":[{"href":"https:\/\/320mp3.top\/index.php?rest_route=\/wp\/v2\/pages\/2192","targetHints":{"allow":["GET"]}}],"collection":[{"href":"https:\/\/320mp3.top\/index.php?rest_route=\/wp\/v2\/pages"}],"about":[{"href":"https:\/\/320mp3.top\/index.php?rest_route=\/wp\/v2\/types\/page"}],"author":[{"embeddable":true,"href":"https:\/\/320mp3.top\/index.php?rest_route=\/wp\/v2\/users\/1"}],"replies":[{"embeddable":true,"href":"https:\/\/320mp3.top\/index.php?rest_route=%2Fwp%2Fv2%2Fcomments&post=2192"}],"version-history":[{"count":1,"href":"https:\/\/320mp3.top\/index.php?rest_route=\/wp\/v2\/pages\/2192\/revisions"}],"predecessor-version":[{"id":2193,"href":"https:\/\/320mp3.top\/index.php?rest_route=\/wp\/v2\/pages\/2192\/revisions\/2193"}],"wp:attachment":[{"href":"https:\/\/320mp3.top\/index.php?rest_route=%2Fwp%2Fv2%2Fmedia&parent=2192"}],"curies":[{"name":"wp","href":"https:\/\/api.w.org\/{rel}","templated":true}]}}