{"id":2190,"date":"2025-01-17T15:35:56","date_gmt":"2025-01-17T18:35:56","guid":{"rendered":"https:\/\/320mp3.top\/?page_id=2190"},"modified":"2025-01-17T15:35:56","modified_gmt":"2025-01-17T18:35:56","slug":"aviso-de-privacidad","status":"publish","type":"page","link":"https:\/\/320mp3.top\/?page_id=2190","title":{"rendered":"Aviso de Privacidad"},"content":{"rendered":"<p>Su privacidad es importante para nosotros. Es pol\u00edtica de 320mp3.top respetar su privacidad respecto a cualquier informaci\u00f3n personal que podamos recolectar en el sitio web\u00a0<a href=\"https:\/\/320mp3.top\/\">320mp3.top<\/a>, y en los otros sitios que posemos y operamos.<\/p>\n<p>Solicitamos informaci\u00f3n personal solo cuando realmente la requerimos para prestar un servicio. Lo hacemos a trav\u00e9s de medios justos y legales, bajo su conocimiento y consentimiento. Tambi\u00e9n le informamos por qu\u00e9 la estamos recolectando y c\u00f3mo ser\u00e1 utilizada.<\/p>\n<p>Solo retenemos la informaci\u00f3n recolectada durante el tiempo que sea necesario para brindarle el servicio solicitado. Cuando recolectamos datos, los protegemos dentro de medios comercialmente aceptables, con el fin de evitar p\u00e9rdidas y robos, as\u00ed como el acceso, la divulgaci\u00f3n, la copia, el uso o la modificaci\u00f3n no autorizada.<\/p>\n<p>No compartimos p\u00fablicamente ni con terceros su informaci\u00f3n de identificaci\u00f3n personal, excepto cuando es legalmente exigido.<\/p>\n<p>Nuestra plataforma puede tener enlaces hacia sitios web externos que no son operados por nosotros. Le indicamos que no tenemos ning\u00fan tipo de control sobre el contenido ni las pr\u00e1cticas de esos sitios, y que no nos hacemos responsables por sus respectivos\u00a0<a href=\"https:\/\/avisodeprivacidad.info\/\" target=\"_blank\" rel=\"noopener noreferrer\">avisos de privacidad<\/a>.<\/p>\n<p>Usted est\u00e1 en la libertad de rechazar nuestra solicitud de informaci\u00f3n personal, pero asimismo comprende que tal vez no le podremos prestar algunos de los servicios deseados.<\/p>\n<p>El uso continuo de nuestro sitio ser\u00e1 considerado como aceptaci\u00f3n de nuestras pr\u00e1cticas respecto a la privacidad y a la informaci\u00f3n personal.<\/p>\n<p>Si tiene alguna inquietud referente a la forma como administramos los datos de nuestros usuarios y la informaci\u00f3n personal, p\u00f3ngase en contacto con nosotros.<\/p>\n<p>&nbsp;<\/p>\n<h2>Pol\u00edtica de Cookies 320mp3.top<\/h2>\n<h3>\u00bfQu\u00e9 son las cookies?<\/h3>\n<p>Tal como se acostumbra en casi todos los sitios web profesionales, este sitio usa cookies, que son peque\u00f1os archivos que se almacenan en su computadora para mejorar su experiencia.<\/p>\n<p>Esta p\u00e1gina describe cu\u00e1les son los datos recolectados por las cookies, c\u00f3mo las utilizamos, y por qu\u00e9 en ocasiones es necesario permitirlas.<\/p>\n<p>Tambi\u00e9n le indicamos c\u00f3mo puede evitar que las cookies sean almacenadas. Sin embargo, tenga presente que esto puede alterar el buen funcionamiento de algunos elementos de la plataforma.<\/p>\n<h3>\u00bfC\u00f3mo usamos las cookies?<\/h3>\n<p>Utilizamos cookies por varias razones, como detallamos a continuaci\u00f3n.<\/p>\n<p>En la mayor\u00eda de las situaciones, no existen opciones que le permitan desactivar las cookies sin afectar completamente su funcionalidad y los recursos proporcionados por ellas.<\/p>\n<p>Por eso, es recomendable que permita todas las cookies relacionadas con algunos de los servicios que est\u00e1 utilizando, a\u00fan cuando no sepa si son necesarias.<\/p>\n<h3>Desactivar las cookies<\/h3>\n<p>Usted puede impedir las cookies, ajustando las configuraciones de su navegador (consulte el \u00e1rea de ayuda de su navegador para saber m\u00e1s al respecto).<\/p>\n<p>Tenga presente que la desactivaci\u00f3n de las cookies afectar\u00e1 las funcionalidades y los recursos de este sitio y de muchos otros al visitarlos. Por eso, es recomendable que no las desactive.<\/p>\n<h3>Las cookies que definimos<\/h3>\n<ul>\n<li>Cookies relacionadas con la cuenta:<\/li>\n<li>Si usted crea una cuenta con nosotros, utilizaremos cookies para administrar el proceso de inscripci\u00f3n y para la gesti\u00f3n en general. Normalmente, estas cookies son excluidas cuando usted sale del sistema. Sin embargo, en algunos casos, pueden permanecer para recordar sus preferencias del sitio.<\/li>\n<li>Cookies relacionadas con el login:<\/li>\n<li>Usamos cookies cuando usted inicia su sesi\u00f3n. Esto ayuda a que recordemos esa acci\u00f3n y le evita volver a introducir sus datos cada vez que visita una p\u00e1gina. Estas cookies tambi\u00e9n le garantizan que puede acceder a recursos y a \u00e1reas vinculadas al inicio de sesi\u00f3n y, por lo general, son eliminadas cuando la cierra.<\/li>\n<li>Cookies relacionadas con los boletines v\u00eda email:<\/li>\n<li>Este sitio le ofrece servicios de suscripci\u00f3n al bolet\u00edn informativo (newsletter). Las cookies permiten recordar si usted ya efectu\u00f3 su registro, o si se deben mostrar ciertas notificaciones que son v\u00e1lidas solamente para usuarios inscritos\/no inscritos.<\/li>\n<li>Pedidos processando cookies relacionados<\/li>\n<li>Este sitio cuenta con facilidades de pago o comercio electr\u00f3nico, por lo que algunas cookies son esenciales para garantizar que su pedido es recordado entre las p\u00e1ginas, y para que lo podamos procesar de la forma adecuada.<\/li>\n<li>Cookies relacionadas con las b\u00fasquedas<\/li>\n<li>Peri\u00f3dicamente, le ofrecemos b\u00fasquedas y cuestionarios para brindarle informaci\u00f3n interesante, herramientas \u00fatiles, y para comprender nuestra base de usuarios con mayor precisi\u00f3n. Esas b\u00fasquedas pueden utilizar cookies para recordar qui\u00e9n particip\u00f3 en la misma, o para brindarle resultados precisos despu\u00e9s de la modificaci\u00f3n de las p\u00e1ginas.<\/li>\n<li>Cookies relacionadas con los formularios:<\/li>\n<li>Cuando env\u00eda datos por medio de formularios, como los que se encuentran en la p\u00e1gina de contacto o en los comentarios, las cookies se pueden configurar para recordar los detalles del usuario relacionados con los futuros env\u00edos.<\/li>\n<li>Cookies de las preferencias del sitio:<\/li>\n<li>Con el fin de proporcionarle una experiencia adecuada, le ofrecemos una funcionalidad para que establezca sus preferencias respecto a la forma como este sitio es ejecutado cuando lo utiliza. Y para recordarlas, es necesario definir las cookies. De esta manera, su elecci\u00f3n se ve reflejada siempre que usted interact\u00faa con una p\u00e1gina afectada por la definici\u00f3n de dichas preferencias.<\/li>\n<\/ul>\n<h3>Cookies de Terceros:<\/h3>\n<ul>\n<li>Este sitio usa Google Analytics, una de las soluciones de an\u00e1lisis m\u00e1s difundidas de internet, que nos ayuda a entender la forma en que usted usa el sitio y c\u00f3mo podemos mejorar su experiencia. Entre los \u00edtems que rastrean estas cookies, est\u00e1n el tiempo que usted invierte en el sitio y las p\u00e1ginas visitadas. Con base en esta informaci\u00f3n, podemos seguir creando contenido atractivo.Para mayor informaci\u00f3n sobre estas cookies, visite la p\u00e1gina oficial de Google Analytics.<\/li>\n<li>Peri\u00f3dicamente, probamos nuevos recursos y hacemos alteraciones ligeras en la forma como presentamos el sitio. Cuando estamos en tiempo de experimentaci\u00f3n, las cookies pueden ser usadas para garantizarle una experiencia de navegaci\u00f3n consistente, mientras analizamos cu\u00e1les son las optimizaciones preferidas por nuestros usuarios.<\/li>\n<li>Por otro lado, debemos entender las estad\u00edsticas relacionadas con cu\u00e1ntos visitantes de nuestro sitio efect\u00faan una compra, y son las cookies quienes rastrean ese tipo de datos.<\/li>\n<li>Esto es importante para usted ya que nos permite hacer proyecciones de negocios con precisi\u00f3n, analizar costos de publicidad y definir productos para asegurarle el mejor precio posible.<\/li>\n<li>El servicio Google AdSense que utilizamos para gestionar la publicidad usa una cookie DoubleClick que le presenta anuncios m\u00e1s relevantes y limita el n\u00famero de veces en que es exhibido. Para m\u00e1s informaci\u00f3n, consulte las Preguntas Frecuentes oficiales sobre la privacidad de Google AdSense.<\/li>\n<li>Tambi\u00e9n utilizamos anuncios para compensar los gastos de funcionamiento de este sitio y conseguir fondos para futuros desarrollos. Las cookies de publicidad comportamental usadas en este sitio fueron pensadas para garantizar que usted reciba los anuncios m\u00e1s relevantes siempre que sea posible, rastreando sus preferencias de forma an\u00f3nima y present\u00e1ndole contenidos semejantes que puedan ser de su inter\u00e9s.<\/li>\n<\/ul>\n<p>&nbsp;<\/p>\n<ul>\n<li>El servicio Google AdSense que utilizamos para gestionar la publicidad usa una cookie DoubleClick que le presenta anuncios m\u00e1s relevantes y limita el n\u00famero de veces en que es exhibido. Para m\u00e1s informaci\u00f3n, consulte las Preguntas Frecuentes oficiales sobre la privacidad de Google AdSense.<\/li>\n<li>Tambi\u00e9n utilizamos anuncios para compensar los gastos de funcionamiento de este sitio y conseguir fondos para futuros desarrollos. Las cookies de publicidad comportamental usadas en este sitio fueron pensadas para garantizar que usted reciba los anuncios m\u00e1s relevantes siempre que sea posible, rastreando sus preferencias de forma an\u00f3nima y present\u00e1ndole contenidos semejantes que puedan ser de su inter\u00e9s.<\/li>\n<li>Finalmente, hay diversos socios que anuncian en nuestro nombre, y las cookies de rastreo nos permiten ver si nuestros clientes accedieron al sitio desde la plataforma de un afiliado. De esta forma, podemos compensarlos apropiadamente y, cuando aplique, permitir que dichos afiliados le ofrezcan promociones.<\/li>\n<\/ul>\n<p>&nbsp;<\/p>\n<h3>Compromisos del Usuario<\/h3>\n<p>El usuario se compromete a hacer un uso adecuado de los contenidos y de la informaci\u00f3n que 320mp3.top ofrece en el sitio y, con car\u00e1cter indicativo, pero no limitado, a:<\/p>\n<ul>\n<li>A) No involucrarse en actividades ilegales o que sean contrarias a la buena fe y al orden p\u00fablico;<\/li>\n<li>B) No difundir contenidos ni publicidad de \u00edndole racista, xenof\u00f3bico, Onde Bola o azar, pornograf\u00eda, terrorismo o que est\u00e9 en contra de los derechos humanos;<\/li>\n<li>C) No causar da\u00f1os a los sistemas f\u00edsicos (hardware) y l\u00f3gicos (software) de 320mp3.top de sus proveedores o terceros, para introducir o distribuir virus inform\u00e1ticos u otros sistemas de hardware o software que sean capaces de producir los perjuicios anteriormente mencionados.<\/li>\n<\/ul>\n<p>&nbsp;<\/p>\n<h3>Compromisos del Usuario<\/h3>\n<p>El usuario se compromete a hacer un uso adecuado de los contenidos y de la informaci\u00f3n que 320mp3.top ofrece en el sitio y, con car\u00e1cter indicativo, pero no limitado, a:<\/p>\n<ul>\n<li>A) No involucrarse en actividades ilegales o que sean contrarias a la buena fe y al orden p\u00fablico;<\/li>\n<li>B) No difundir contenidos ni publicidad de \u00edndole racista, xenof\u00f3bico,\u00a0o azar, pornograf\u00eda, terrorismo o que est\u00e9 en contra de los derechos humanos;<\/li>\n<li>C) No causar da\u00f1os a los sistemas f\u00edsicos (hardware) y l\u00f3gicos (software) de 320mp3.top, de sus proveedores o terceros, para introducir o distribuir virus inform\u00e1ticos u otros sistemas de hardware o software que sean capaces de producir los perjuicios anteriormente mencionados.<\/li>\n<\/ul>\n<h3>M\u00e1s informaci\u00f3n<\/h3>\n<p>Esperamos que esta informaci\u00f3n sea clara. Y como mencionado anteriormente: cuando no tenga seguridad de que necesita las cookies, es m\u00e1s seguro permitirlas, en caso de que est\u00e9 interactuando con uno de los recursos que utiliza en nuestro sitio web.<\/p>\n<p>Esta pol\u00edtica es efectiva a partir de 17 January 2025 18:35.<\/p>\n","protected":false},"excerpt":{"rendered":"<p>Su privacidad es importante para nosotros. Es pol\u00edtica de 320mp3.top respetar su privacidad respecto a cualquier informaci\u00f3n personal que podamos recolectar en el sitio web\u00a0320mp3.top, y en los otros sitios&#8230;<\/p>\n","protected":false},"author":1,"featured_media":0,"parent":0,"menu_order":0,"comment_status":"closed","ping_status":"closed","template":"","meta":{"footnotes":""},"class_list":["post-2190","page","type-page","status-publish","hentry","article","has-background","has-excerpt","has-avatar","has-author","has-date","has-comment-count","has-category-meta","has-read-more","thumbnail-"],"yoast_head":"<!-- This site is optimized with the Yoast SEO plugin v26.5 - https:\/\/yoast.com\/wordpress\/plugins\/seo\/ -->\n<title>Aviso de Privacidad - 320mp3.top<\/title>\n<meta name=\"robots\" content=\"index, follow, max-snippet:-1, max-image-preview:large, max-video-preview:-1\" \/>\n<link rel=\"canonical\" href=\"https:\/\/320mp3.top\/?page_id=2190\" \/>\n<meta property=\"og:locale\" content=\"es_ES\" \/>\n<meta property=\"og:type\" content=\"article\" \/>\n<meta property=\"og:title\" content=\"Aviso de Privacidad - 320mp3.top\" \/>\n<meta property=\"og:description\" content=\"Su privacidad es importante para nosotros. Es pol\u00edtica de 320mp3.top respetar su privacidad respecto a cualquier informaci\u00f3n personal que podamos recolectar en el sitio web\u00a0320mp3.top, y en los otros sitios...\" \/>\n<meta property=\"og:url\" content=\"https:\/\/320mp3.top\/?page_id=2190\" \/>\n<meta property=\"og:site_name\" content=\"320mp3.top\" \/>\n<meta name=\"twitter:card\" content=\"summary_large_image\" \/>\n<meta name=\"twitter:label1\" content=\"Tiempo de lectura\" \/>\n\t<meta name=\"twitter:data1\" content=\"8 minutos\" \/>\n<script type=\"application\/ld+json\" class=\"yoast-schema-graph\">{\"@context\":\"https:\/\/schema.org\",\"@graph\":[{\"@type\":\"WebPage\",\"@id\":\"https:\/\/320mp3.top\/?page_id=2190\",\"url\":\"https:\/\/320mp3.top\/?page_id=2190\",\"name\":\"Aviso de Privacidad - 320mp3.top\",\"isPartOf\":{\"@id\":\"https:\/\/320mp3.top\/#website\"},\"datePublished\":\"2025-01-17T18:35:56+00:00\",\"breadcrumb\":{\"@id\":\"https:\/\/320mp3.top\/?page_id=2190#breadcrumb\"},\"inLanguage\":\"es\",\"potentialAction\":[{\"@type\":\"ReadAction\",\"target\":[\"https:\/\/320mp3.top\/?page_id=2190\"]}]},{\"@type\":\"BreadcrumbList\",\"@id\":\"https:\/\/320mp3.top\/?page_id=2190#breadcrumb\",\"itemListElement\":[{\"@type\":\"ListItem\",\"position\":1,\"name\":\"In\u00edcio\",\"item\":\"https:\/\/320mp3.top\/\"},{\"@type\":\"ListItem\",\"position\":2,\"name\":\"Aviso de Privacidad\"}]},{\"@type\":\"WebSite\",\"@id\":\"https:\/\/320mp3.top\/#website\",\"url\":\"https:\/\/320mp3.top\/\",\"name\":\"320mp3.top\",\"description\":\"\",\"potentialAction\":[{\"@type\":\"SearchAction\",\"target\":{\"@type\":\"EntryPoint\",\"urlTemplate\":\"https:\/\/320mp3.top\/?s={search_term_string}\"},\"query-input\":{\"@type\":\"PropertyValueSpecification\",\"valueRequired\":true,\"valueName\":\"search_term_string\"}}],\"inLanguage\":\"es\"}]}<\/script>\n<!-- \/ Yoast SEO plugin. -->","yoast_head_json":{"title":"Aviso de Privacidad - 320mp3.top","robots":{"index":"index","follow":"follow","max-snippet":"max-snippet:-1","max-image-preview":"max-image-preview:large","max-video-preview":"max-video-preview:-1"},"canonical":"https:\/\/320mp3.top\/?page_id=2190","og_locale":"es_ES","og_type":"article","og_title":"Aviso de Privacidad - 320mp3.top","og_description":"Su privacidad es importante para nosotros. Es pol\u00edtica de 320mp3.top respetar su privacidad respecto a cualquier informaci\u00f3n personal que podamos recolectar en el sitio web\u00a0320mp3.top, y en los otros sitios...","og_url":"https:\/\/320mp3.top\/?page_id=2190","og_site_name":"320mp3.top","twitter_card":"summary_large_image","twitter_misc":{"Tiempo de lectura":"8 minutos"},"schema":{"@context":"https:\/\/schema.org","@graph":[{"@type":"WebPage","@id":"https:\/\/320mp3.top\/?page_id=2190","url":"https:\/\/320mp3.top\/?page_id=2190","name":"Aviso de Privacidad - 320mp3.top","isPartOf":{"@id":"https:\/\/320mp3.top\/#website"},"datePublished":"2025-01-17T18:35:56+00:00","breadcrumb":{"@id":"https:\/\/320mp3.top\/?page_id=2190#breadcrumb"},"inLanguage":"es","potentialAction":[{"@type":"ReadAction","target":["https:\/\/320mp3.top\/?page_id=2190"]}]},{"@type":"BreadcrumbList","@id":"https:\/\/320mp3.top\/?page_id=2190#breadcrumb","itemListElement":[{"@type":"ListItem","position":1,"name":"In\u00edcio","item":"https:\/\/320mp3.top\/"},{"@type":"ListItem","position":2,"name":"Aviso de Privacidad"}]},{"@type":"WebSite","@id":"https:\/\/320mp3.top\/#website","url":"https:\/\/320mp3.top\/","name":"320mp3.top","description":"","potentialAction":[{"@type":"SearchAction","target":{"@type":"EntryPoint","urlTemplate":"https:\/\/320mp3.top\/?s={search_term_string}"},"query-input":{"@type":"PropertyValueSpecification","valueRequired":true,"valueName":"search_term_string"}}],"inLanguage":"es"}]}},"_links":{"self":[{"href":"https:\/\/320mp3.top\/index.php?rest_route=\/wp\/v2\/pages\/2190","targetHints":{"allow":["GET"]}}],"collection":[{"href":"https:\/\/320mp3.top\/index.php?rest_route=\/wp\/v2\/pages"}],"about":[{"href":"https:\/\/320mp3.top\/index.php?rest_route=\/wp\/v2\/types\/page"}],"author":[{"embeddable":true,"href":"https:\/\/320mp3.top\/index.php?rest_route=\/wp\/v2\/users\/1"}],"replies":[{"embeddable":true,"href":"https:\/\/320mp3.top\/index.php?rest_route=%2Fwp%2Fv2%2Fcomments&post=2190"}],"version-history":[{"count":1,"href":"https:\/\/320mp3.top\/index.php?rest_route=\/wp\/v2\/pages\/2190\/revisions"}],"predecessor-version":[{"id":2191,"href":"https:\/\/320mp3.top\/index.php?rest_route=\/wp\/v2\/pages\/2190\/revisions\/2191"}],"wp:attachment":[{"href":"https:\/\/320mp3.top\/index.php?rest_route=%2Fwp%2Fv2%2Fmedia&parent=2190"}],"curies":[{"name":"wp","href":"https:\/\/api.w.org\/{rel}","templated":true}]}}